{"id":1192,"date":"2024-05-22T10:26:06","date_gmt":"2024-05-22T10:26:06","guid":{"rendered":"https:\/\/spidersgod.eu\/?page_id=1192"},"modified":"2024-05-22T10:26:06","modified_gmt":"2024-05-22T10:26:06","slug":"moje-konto-eng","status":"publish","type":"page","link":"https:\/\/spidersgod.eu\/?page_id=1192&lang=en","title":{"rendered":"Moje konto ENG"},"content":{"rendered":"\t\t<div data-elementor-type=\"wp-page\" data-elementor-id=\"1192\" class=\"elementor elementor-1192\">\n\t\t\t\t<div class=\"elementor-element elementor-element-77e5f642 e-flex e-con-boxed wpr-particle-no wpr-jarallax-no wpr-parallax-no wpr-sticky-section-no e-con e-parent\" data-id=\"77e5f642\" data-element_type=\"container\">\n\t\t\t\t\t<div class=\"e-con-inner\">\n\t\t\t\t<div class=\"elementor-element elementor-element-ba85e61 elementor-widget elementor-widget-spacer\" data-id=\"ba85e61\" data-element_type=\"widget\" data-widget_type=\"spacer.default\">\n\t\t\t\t<div class=\"elementor-widget-container\">\n\t\t\t\t\t\t\t<div class=\"elementor-spacer\">\n\t\t\t<div class=\"elementor-spacer-inner\"><\/div>\n\t\t<\/div>\n\t\t\t\t\t\t<\/div>\n\t\t\t\t<\/div>\n\t\t\t\t<div class=\"elementor-element elementor-element-3bad453c elementor-widget elementor-widget-text-editor\" data-id=\"3bad453c\" data-element_type=\"widget\" data-widget_type=\"text-editor.default\">\n\t\t\t\t<div class=\"elementor-widget-container\"><div class=\"woocommerce\">\n<div class=\"electron-before-login-form hidden-message\">\n<div class=\"woocommerce-notices-wrapper\"><\/div>\n<\/p><\/div>\n<div class=\"electron-default-type row justify-content-center has-gap\" id=\"customer_login\">\n<div class=\"col-12 col-sm-10 col-md-8 col-lg-4\">\n<h3>Login<\/h3>\n<form class=\"woocommerce-form woocommerce-form-login login row electron-myaccount-form electron-ajax-login\" method=\"post\">\n<p class=\"woocommerce-form-row form-row col-12\">\n                        <label for=\"username\">Username or email address&nbsp;<span class=\"required\">*<\/span><\/label><br \/>\n                        <input type=\"text\" class=\"woocommerce-Input woocommerce-Input--text input-text\" name=\"username\" id=\"username\" autocomplete=\"username\" value=\"\" \/>                    <\/p>\n<p class=\"woocommerce-form-row form-row col-12\">\n                        <label for=\"password\">Password&nbsp;<span class=\"required\">*<\/span><\/label><br \/>\n                        <input class=\"woocommerce-Input woocommerce-Input--text input-text\" type=\"password\" name=\"password\" id=\"password\" autocomplete=\"current-password\" \/>\n                    <\/p>\n<p class=\"woocommerce-form-row form-row col-12\">\n                        <label class=\"woocommerce-form__label woocommerce-form__label-for-checkbox woocommerce-form-login__rememberme\"><br \/>\n                            <input class=\"woocommerce-form__input woocommerce-form__input-checkbox\" name=\"rememberme\" type=\"checkbox\" id=\"rememberme\" value=\"forever\" \/> <span>Remember me<\/span><br \/>\n                        <\/label><br \/>\n                        <input type=\"hidden\" id=\"woocommerce-login-nonce\" name=\"woocommerce-login-nonce\" value=\"58ca97d220\" \/><input type=\"hidden\" name=\"_wp_http_referer\" value=\"\/index.php?rest_route=%2Fwp%2Fv2%2Fpages%2F1192\" \/>                        <button type=\"submit\" class=\"woocommerce-button button woocommerce-form-login__submit\" name=\"login\" value=\"Log in\">Log in<\/button>\n                    <\/p>\n<p class=\"woocommerce-LostPassword lost_password col-12\">\n                        <a href=\"https:\/\/spidersgod.eu\/?page_id=13&#038;lost-password\">Lost your password?<\/a>\n                    <\/p>\n<p class=\"woocommerce-form-row form-row col-12 silinecek\">\n                    <a class=\"button button--social-login button--facebook\" href=\"#\"><i class=\"icon nt-icon-facebook\"><\/i>Login With Facebook<\/a><br \/>\n                    <a class=\"button button--social-login button--googleplus\" href=\"#\"><i class=\"icon nt-icon-google\"><\/i>Login With Google +<\/a>\n                    <\/p>\n<style>\n                                                        .button {\n                                                            width: auto;\n                                                            display: inline-block;\n                                                            padding: 0 14px 0 4px;\n                                                            border: 0 none;\n                                                            border-radius: 5px;\n                                                            text-decoration: none;\n                                                            transition: all 250ms linear;\n                                                        }<\/p>\n<p>                                                        .button:hover {\n                                                            text-decoration: none;\n                                                        }<\/p>\n<p>                                                        .button--social-login {\n                                                            margin-bottom: 10px;\n                                                            margin-right: 2px;\n                                                            color: white;\n                                                            height: 50px;\n                                                            line-height: 46px;\n                                                            position: relative;\n                                                            text-align: left;\n                                                        }<\/p>\n<p>                                                        .button--social-login .icon {\n                                                            margin-right: 12px;\n                                                            font-size: 24px;\n                                                            line-height: 24px;\n                                                            width: 42px;\n                                                            height: 24px;\n                                                            text-align: center;\n                                                            display: inline-block;\n                                                            position: relative;\n                                                            top: 4px;\n                                                        }<\/p>\n<p>                                                        .button--social-login .icon:before {\n                                                            display: inline-block;\n                                                            width: 40px;\n                                                        }<\/p>\n<p>                                                        .button--social-login .icon:after {\n                                                            content: \"\";\n                                                        }<\/p>\n<p>                                                        .button--facebook {\n                                                            background-color: #4b70ab;\n                                                            border: 1px solid #3b5988;\n                                                        }<\/p>\n<p>                                                        .button--facebook .icon {\n                                                            border-right: 1px solid #3b5988;\n                                                        }<\/p>\n<p>                                                        .button--facebook .icon:after {\n                                                            border-right: 1px solid #6b8bbe;\n                                                        }<\/p>\n<p>                                                        .button--facebook:hover {\n                                                            background-color: #436499;\n                                                        }<\/p>\n<p>                                                        .button--google {\n                                                            background-color: #3f85f4;\n                                                            border: 1px solid #0f66f1;\n                                                        }<\/p>\n<p>                                                        .button--google .icon {\n                                                            border-right: 1px solid #0f66f1;\n                                                        }<\/p>\n<p>                                                        .button--google .icon:after {\n                                                            border-right: 1px solid #6fa4f7;\n                                                        }<\/p>\n<p>                                                        .button--google:hover {\n                                                            background-color: #2776f3;\n                                                        }<\/p>\n<p>                                                        .button--googleplus {\n                                                            background-color: #dd4b39;\n                                                            border: 1px solid #c23321;\n                                                        }<\/p>\n<p>                                                        .button--googleplus .icon {\n                                                            border-right: 1px solid #c23321;\n                                                        }<\/p>\n<p>                                                        .button--googleplus .icon:after {\n                                                            border-right: 1px solid #e47365;\n                                                        }<\/p>\n<p>                                                        .button--googleplus:hover {\n                                                            background-color: #d73925;\n                                                        }\n                                                    <\/style>\n<\/p><\/form>\n<\/p><\/div>\n<div class=\"col-12 col-sm-10 col-md-8 col-lg-4\">\n<h3>Register<\/h3>\n<form method=\"post\" class=\"woocommerce-form woocommerce-form-register register row electron-myaccount-form\"  >\n<p class=\"woocommerce-form-row form-row col-12\">\n                                <label for=\"reg_username\">Username&nbsp;<span class=\"required\">*<\/span><\/label><br \/>\n                                <input type=\"text\" class=\"woocommerce-Input woocommerce-Input--text input-text\" name=\"username\" id=\"reg_username\" autocomplete=\"username\" value=\"\" \/>                            <\/p>\n<p class=\"woocommerce-form-row form-row col-12\">\n                            <label for=\"reg_email\">Email address&nbsp;<span class=\"required\">*<\/span><\/label><br \/>\n                            <input type=\"email\" class=\"woocommerce-Input woocommerce-Input--text input-text\" name=\"email\" id=\"reg_email\" autocomplete=\"email\" value=\"\" \/>                        <\/p>\n<p class=\"woocommerce-form-row form-row col-12\">\n                                <label for=\"reg_password\">Password&nbsp;<span class=\"required\">*<\/span><\/label><br \/>\n                                <input type=\"password\" class=\"woocommerce-Input woocommerce-Input--text input-text\" name=\"password\" id=\"reg_password\" autocomplete=\"new-password\" \/>\n                            <\/p>\n<p>                        <wc-order-attribution-inputs><\/wc-order-attribution-inputs><\/p>\n<div class=\"woocommerce-privacy-policy-text\">\n<p>Twoje dane osobowe zostan\u0105 u\u017cyte do obs\u0142ugi twojej wizyty na naszej stronie, zarz\u0105dzania dost\u0119pem do twojego konta i dla innych cel\u00f3w o kt\u00f3rych m\u00f3wi nasza <a href=\"\" class=\"woocommerce-privacy-policy-link\" target=\"_blank\">polityka prywatno\u015bci<\/a>.<\/p>\n<\/div>\n<p class=\"woocommerce-form-row form-row col-12\">\n                            <input type=\"hidden\" id=\"woocommerce-register-nonce\" name=\"woocommerce-register-nonce\" value=\"2457b3774a\" \/><input type=\"hidden\" name=\"_wp_http_referer\" value=\"\/index.php?rest_route=%2Fwp%2Fv2%2Fpages%2F1192\" \/>                            <button type=\"submit\" class=\"woocommerce-Button woocommerce-button button woocommerce-form-register__submit\" name=\"register\" value=\"Register\">Register<\/button>\n                        <\/p>\n<\/p><\/form>\n<\/p><\/div>\n<\/p><\/div>\n<\/p><\/div><\/div>\n\t\t\t\t<\/div>\n\t\t\t\t\t<\/div>\n\t\t\t\t<\/div>\n\t\t<div class=\"elementor-element elementor-element-c838a53 e-flex e-con-boxed wpr-particle-no wpr-jarallax-no wpr-parallax-no wpr-sticky-section-no e-con e-parent\" data-id=\"c838a53\" data-element_type=\"container\">\n\t\t\t\t\t<div class=\"e-con-inner\">\n\t\t\t\t\t<\/div>\n\t\t\t\t<\/div>\t\t<\/div>\n\t\t","protected":false},"excerpt":{"rendered":"","protected":false},"author":1,"featured_media":0,"parent":0,"menu_order":0,"comment_status":"closed","ping_status":"closed","template":"","meta":{"footnotes":""},"class_list":{"0":"post-1192","1":"page","2":"type-page","3":"status-publish","4":"hentry","5":"nt-post-class","6":"","7":"thumb-none","9":"excerpt-none"},"lang":"en","translations":{"en":1192,"pl":13},"jetpack_sharing_enabled":true,"pll_sync_post":[],"_links":{"self":[{"href":"https:\/\/spidersgod.eu\/index.php?rest_route=\/wp\/v2\/pages\/1192","targetHints":{"allow":["GET"]}}],"collection":[{"href":"https:\/\/spidersgod.eu\/index.php?rest_route=\/wp\/v2\/pages"}],"about":[{"href":"https:\/\/spidersgod.eu\/index.php?rest_route=\/wp\/v2\/types\/page"}],"author":[{"embeddable":true,"href":"https:\/\/spidersgod.eu\/index.php?rest_route=\/wp\/v2\/users\/1"}],"replies":[{"embeddable":true,"href":"https:\/\/spidersgod.eu\/index.php?rest_route=%2Fwp%2Fv2%2Fcomments&post=1192"}],"version-history":[{"count":1,"href":"https:\/\/spidersgod.eu\/index.php?rest_route=\/wp\/v2\/pages\/1192\/revisions"}],"predecessor-version":[{"id":1193,"href":"https:\/\/spidersgod.eu\/index.php?rest_route=\/wp\/v2\/pages\/1192\/revisions\/1193"}],"wp:attachment":[{"href":"https:\/\/spidersgod.eu\/index.php?rest_route=%2Fwp%2Fv2%2Fmedia&parent=1192"}],"curies":[{"name":"wp","href":"https:\/\/api.w.org\/{rel}","templated":true}]}}