{"id":524,"date":"2024-05-08T12:14:38","date_gmt":"2024-05-08T12:14:38","guid":{"rendered":"https:\/\/spidersgod.eu\/?page_id=524"},"modified":"2024-05-18T07:57:24","modified_gmt":"2024-05-18T07:57:24","slug":"regulamin","status":"publish","type":"page","link":"https:\/\/spidersgod.eu\/?page_id=524","title":{"rendered":"Regulamin"},"content":{"rendered":"\t\t<div data-elementor-type=\"wp-page\" data-elementor-id=\"524\" class=\"elementor elementor-524\">\n\t\t\t\t<div class=\"elementor-element elementor-element-a1f475a e-flex e-con-boxed wpr-particle-no wpr-jarallax-no wpr-parallax-no wpr-sticky-section-no e-con e-parent\" data-id=\"a1f475a\" data-element_type=\"container\">\n\t\t\t\t\t<div class=\"e-con-inner\">\n\t\t\t\t<div class=\"elementor-element elementor-element-9af2589 elementor-widget elementor-widget-spacer\" data-id=\"9af2589\" data-element_type=\"widget\" data-widget_type=\"spacer.default\">\n\t\t\t\t<div class=\"elementor-widget-container\">\n\t\t\t\t\t\t\t<div class=\"elementor-spacer\">\n\t\t\t<div class=\"elementor-spacer-inner\"><\/div>\n\t\t<\/div>\n\t\t\t\t\t\t<\/div>\n\t\t\t\t<\/div>\n\t\t\t\t\t<\/div>\n\t\t\t\t<\/div>\n\t\t<div class=\"elementor-element elementor-element-d560a3d e-flex e-con-boxed wpr-particle-no wpr-jarallax-no wpr-parallax-no wpr-sticky-section-no e-con e-parent\" data-id=\"d560a3d\" data-element_type=\"container\">\n\t\t\t\t\t<div class=\"e-con-inner\">\n\t\t<div class=\"elementor-element elementor-element-21e1eda e-flex e-con-boxed wpr-particle-no wpr-jarallax-no wpr-parallax-no wpr-sticky-section-no e-con e-child\" data-id=\"21e1eda\" data-element_type=\"container\">\n\t\t\t\t\t<div class=\"e-con-inner\">\n\t\t\t\t<div class=\"elementor-element elementor-element-1e3e016 electron-transform transform-type-translate elementor-widget elementor-widget-heading\" data-id=\"1e3e016\" data-element_type=\"widget\" data-widget_type=\"heading.default\">\n\t\t\t\t<div class=\"elementor-widget-container\">\n\t\t\t\t\t<h2 class=\"elementor-heading-title elementor-size-default\">Regulamin sklepu<\/h2>\t\t\t\t<\/div>\n\t\t\t\t<\/div>\n\t\t\t\t\t<\/div>\n\t\t\t\t<\/div>\n\t\t\t\t\t<\/div>\n\t\t\t\t<\/div>\n\t\t<div class=\"elementor-element elementor-element-f08547d e-flex e-con-boxed wpr-particle-no wpr-jarallax-no wpr-parallax-no wpr-sticky-section-no e-con e-parent\" data-id=\"f08547d\" data-element_type=\"container\">\n\t\t\t\t\t<div class=\"e-con-inner\">\n\t\t<div class=\"elementor-element elementor-element-533c9b0 e-flex e-con-boxed wpr-particle-no wpr-jarallax-no wpr-parallax-no wpr-sticky-section-no e-con e-child\" data-id=\"533c9b0\" data-element_type=\"container\">\n\t\t\t\t\t<div class=\"e-con-inner\">\n\t\t\t\t<div class=\"elementor-element elementor-element-4d5db14 elementor-widget elementor-widget-spacer\" data-id=\"4d5db14\" data-element_type=\"widget\" data-widget_type=\"spacer.default\">\n\t\t\t\t<div class=\"elementor-widget-container\">\n\t\t\t\t\t\t\t<div class=\"elementor-spacer\">\n\t\t\t<div class=\"elementor-spacer-inner\"><\/div>\n\t\t<\/div>\n\t\t\t\t\t\t<\/div>\n\t\t\t\t<\/div>\n\t\t\t\t\t<\/div>\n\t\t\t\t<\/div>\n\t\t\t\t\t<\/div>\n\t\t\t\t<\/div>\n\t\t<div class=\"elementor-element elementor-element-d3a0664 e-flex e-con-boxed wpr-particle-no wpr-jarallax-no wpr-parallax-no wpr-sticky-section-no e-con e-parent\" data-id=\"d3a0664\" data-element_type=\"container\">\n\t\t\t\t\t<div class=\"e-con-inner\">\n\t\t\t\t<div class=\"elementor-element elementor-element-6c65222 elementor-widget elementor-widget-text-editor\" data-id=\"6c65222\" data-element_type=\"widget\" data-widget_type=\"text-editor.default\">\n\t\t\t\t<div class=\"elementor-widget-container\">\n\t\t\t\t\t\t\t\t\t<h3>Postanowienia og\u00f3lne<\/h3>\n<p>W\u0142a\u015bcicielem sklepu SpidersGod.com jest<\/p>\n<p>Edyta Godzi\u0144ska<\/p>\n<p>G\u0142ogocz\u00f3w 791<\/p>\n<p>32-444 G\u0142ogocz\u00f3w<\/p>\n<p>tel. 692 935 621<\/p><p><br><\/p>\n<p><\/p>\n<p><strong>Warunki zawierania umowy sprzeda\u017cy<\/strong><\/p>\n<p><\/p>\n<p>Do z\u0142o\u017cenia zam\u00f3wienia&nbsp; na stronie internetowej SpiderGod.com nie wymagane jest posiadanie konta.<\/p>\n<p>Istnieje mo\u017cliwo\u015b\u0107 dokonania transakcji w dwojaki spos\u00f3b:<\/p>\n<p><\/p>\n<ul>\n<li>bez rejestracji- poprzez wype\u0142nienie formularza dost\u0119pnego na stronie SpidersGod.com<\/li>\n<li>rejestruj\u0105c si\u0119 i zak\u0142adaj\u0105c konto z loginem i has\u0142em.<\/li>\n<\/ul>\n<p>W obu przypadkach wype\u0142nienie formularza jest jednoznaczne z zawarciem przez Kupuj\u0105cego umowy sprzeda\u017cy oraz akceptacj\u0105 regulaminu.<\/p><p><br><\/p>\n<p><\/p>\n<p><strong>Warunki i termin p\u0142atno\u015bci<\/strong><\/p>\n<p><\/p>\n<p>Dokonywanie zakupu odbywa si\u0119 poprzez wyb\u00f3r ptasznika danego gatunku,wielko\u015bci oraz ilo\u015bci sztuk a nast\u0119pnie dodanie produkt\u00f3w do koszyka. W podsumowaniu zam\u00f3wienia znajduje si\u0119 informacja o \u0142\u0105cznej cenie oraz kosztach i sposobie dostawy. Po przyj\u0119ciu zam\u00f3wienia Klient otrzymuje e-maila zwrotnego z informacj\u0105&nbsp;&nbsp;&nbsp;&nbsp;&nbsp;&nbsp;&nbsp;&nbsp; o przyj\u0119ciu zam\u00f3wienia do realizacji.<\/p>\n<p><\/p>\n<p>P\u0142atno\u015b\u0107 odbywa si\u0119 w nast\u0119puj\u0105cych formach:<\/p>\n<p>&#8211; Przelew na rachunek bankowy<br>&#8211; P\u0142atno\u015b\u0107 PayU<br>&#8211; P\u0142atno\u015b\u0107 PayPal<\/p>\n<p>Klient obowi\u0105zany jest do dokonania p\u0142atno\u015bci w terminie 7 dni kalendarzowych od dnia zawarcia Umowy Sprzeda\u017cy.<\/p><p><br><\/p>\n<p><\/p>\n<p><strong>Wysy\u0142ka<\/strong><\/p>\n<p>Wysy\u0142ki realizujemy od marca do pa\u017adziernika. Je\u017celi warunki atmosferyczne nie sprzyjaj\u0105 (zbyt wysokie lub zbyt niskie temperatury), w\u00f3wczas wysy\u0142ki s\u0105 wstrzymane do momentu poprawy pogody.<\/p>\n<p><\/p>\n<p>Paczki s\u0105 wysy\u0142ane od poniedzia\u0142ku do \u015brody w\u0142\u0105cznie, po wcze\u015bniejszym zaksi\u0119gowaniu pieni\u0119dzy na koncie. Przesy\u0142ka jest realizowana w dniu kolejnym od dnia otrzymania przelewu na konto.<\/p>\n<p>Paczki s\u0105 odpowiednio zabezpieczane w danych porach roku aby&nbsp;&nbsp;&nbsp; w humanitarny i bezpieczny spos\u00f3b trafi\u0142y do Klienta.<\/p>\n<p>Nie wysy\u0142amy paczek za pobraniem.<\/p>\n<p>Istnieje mo\u017cliwo\u015b\u0107 odbioru osobistego po wcze\u015bniejszym ustaleniu terminu i miejsca , bez koszt\u00f3w transportu. P\u0142atno\u015b\u0107 w tym przypadku odbywa si\u0119 przelewem b\u0105d\u017a odliczon\u0105 got\u00f3wk\u0105.<\/p><p><br><\/p>\n<p><\/p>\n<p><strong>Reklamacja i zwroty<\/strong><\/p>\n<p>Podstaw\u0105 reklamacji jest nagranie z otwierania paczki. Film bez ci\u0119\u0107, nagrany od pocz\u0105tku do ko\u0144ca&nbsp; z pe\u0142nym kadrowaniem zakupionego produktu. W przypadku uznania reklamacji, towar wysy\u0142amy ponownie (koszt transportu pokrywa SpidersGod.com)&nbsp;&nbsp;&nbsp; a w przypadku braku na stanie, zwracamy pieni\u0105dze na konto Klienta.<\/p>\n<p>Nie przyjmujemy zwrot\u00f3w \u017cywych zwierz\u0105t.<\/p>\n<p><\/p>\n<p>W przypadku gatunk\u00f3w obj\u0119tych ochron\u0105, przesy\u0142amy stosowny dokument.<\/p><p><br><\/p>\n<p><\/p>\n<p><strong>Polityka prywatno\u015bci<\/strong><\/p>\n<p>Dokonywanie zakup\u00f3w za po\u015brednictwem SpidersGod.com wymaga akceptacji plik\u00f3w cookie przez przegl\u0105dark\u0119 u\u017cytkownika. Je\u017celi nie zgadzasz si\u0119 na u\u017cywanie przez nas plik\u00f3w cookie, powiniene\u015b zmieni\u0107 ustawienia swojej przegl\u0105darki w odpowiedni spos\u00f3b lub zrezygnowa\u0107 z u\u017cywania stron oraz aplikacji.<\/p>\n<p><\/p>\n<p>Przetwarzanie i ochrona danych osobowych<\/p>\n<p>Wszelkie dane osobowe podawane podczas procesu zamawiania s\u0142u\u017c\u0105 wy\u0142\u0105cznie do realizacji zam\u00f3wienia i nie s\u0105 udost\u0119pniane innym instytucjom ani osobom trzecim \u2013 z wyj\u0105tkiem:<\/p>\n<ol>\n<li>firm dostarczaj\u0105cym przesy\u0142ki. W tym przypadku powierzenie danych jest konieczne do zaadresowanie i dostarczenia przesy\u0142ki.<\/li>\n<li>Administratora systemu p\u0142atno\u015bci on-line w przypadku dokonywania p\u0142atno\u015bci t\u0105 metod\u0105.<\/li>\n<\/ol>\n<p>Podanie danych osobowych przez Klienta jest dobrowolne, jednak\u017ce niepodanie wskazanych w Regulaminie danych osobowych niezb\u0119dnych do zawarcia Umowy sprzeda\u017cy lub umowy o \u015bwiadczenie Us\u0142ugi elektronicznej skutkuje niemo\u017cliwo\u015bci\u0105 zawarcia i realizacji tej\u017ce umowy. Zgod\u0119 na rejestracj\u0119 i przetwarzanie danych osobowych Klient wyra\u017ca przed rejestracj\u0105 w systemie.<\/p>\n<p>Dla zrealizowania umowy konieczne jest podanie nast\u0119puj\u0105cych danych Klienta:<\/p>\n<p>&#8211; imi\u0119 i nazwisko<\/p>\n<p>&#8211; adres do wysy\u0142ki: kraj, miasto, kod pocztowy, ulica, numer lokalu<\/p>\n<p>&#8211; adres e-mail<\/p>\n<p>&#8211; numer telefonu kontaktowego<\/p><p><br><\/p>\n<p><\/p>\n<p><strong>Prawa Autorskie<\/strong><\/p>\n<p>Wszystkie zdj\u0119cia i opisy zamieszczone na stronie SpidersGod.com s\u0105 w\u0142asno\u015bci\u0105 sklepu i zabrania si\u0119 ich kopiowania w ca\u0142o\u015bci lub&nbsp;&nbsp;&nbsp;&nbsp; w cz\u0119\u015bci bez zgody w\u0142a\u015bciciela i administratora strony.<\/p>\n<p>Zgodnie z Ustaw\u0105 o Prawie Autorskim i Prawach Pokrewnych z dnia 4 lutego 1994 roku (Dz.U.94 Nr 24 poz. 83, sprost.: Dz.U.94 Nr 43 poz.170) wykorzystywanie autorskich pomys\u0142\u00f3w, rozwi\u0105za\u0144, kopiowanie, rozpowszechnianie zdj\u0119\u0107, fragment\u00f3w grafiki, tekst\u00f3w opis\u00f3w w celach zarobkowych, bez zezwolenia autora jest zabronione i stanowi naruszenie praw autorskich oraz podlega karze. Znaki towarowe i graficzne s\u0105 w\u0142asno\u015bci\u0105 odpowiednich firm i\/lub instytucji.<\/p>\n<p>Zapraszamy do zakup\u00f3w na naszej stronie.<\/p>\n<p><\/p>\t\t\t\t\t\t\t\t<\/div>\n\t\t\t\t<\/div>\n\t\t\t\t\t<\/div>\n\t\t\t\t<\/div>\n\t\t\t\t<\/div>\n\t\t","protected":false},"excerpt":{"rendered":"<p>Regulamin sklepu Postanowienia og\u00f3lne W\u0142a\u015bcicielem sklepu SpidersGod.com jest Edyta Godzi\u0144ska G\u0142ogocz\u00f3w 791 32-444 G\u0142ogocz\u00f3w tel. 692 935 621 Warunki zawierania umowy sprzeda\u017cy Do z\u0142o\u017cenia zam\u00f3wienia&nbsp; na stronie internetowej SpiderGod.com nie wymagane jest posiadanie konta. Istnieje mo\u017cliwo\u015b\u0107 dokonania transakcji w dwojaki spos\u00f3b: bez rejestracji- poprzez wype\u0142nienie formularza dost\u0119pnego na stronie SpidersGod.com rejestruj\u0105c si\u0119 i zak\u0142adaj\u0105c konto z loginem i has\u0142em. W obu przypadkach wype\u0142nienie formularza jest jednoznaczne z zawarciem przez Kupuj\u0105cego umowy sprzeda\u017cy oraz akceptacj\u0105 regulaminu. Warunki i termin p\u0142atno\u015bci Dokonywanie zakupu odbywa si\u0119 poprzez wyb\u00f3r ptasznika danego gatunku,wielko\u015bci oraz ilo\u015bci sztuk a nast\u0119pnie dodanie produkt\u00f3w do koszyka. W podsumowaniu zam\u00f3wienia znajduje si\u0119 informacja o \u0142\u0105cznej cenie oraz kosztach i sposobie dostawy. Po przyj\u0119ciu zam\u00f3wienia Klient otrzymuje e-maila zwrotnego z informacj\u0105&nbsp;&nbsp;&nbsp;&nbsp;&nbsp;&nbsp;&nbsp;&nbsp; o przyj\u0119ciu zam\u00f3wienia do realizacji. P\u0142atno\u015b\u0107 odbywa si\u0119 w nast\u0119puj\u0105cych formach: &#8211; Przelew na rachunek bankowy&#8211; P\u0142atno\u015b\u0107 PayU&#8211; P\u0142atno\u015b\u0107 PayPal Klient obowi\u0105zany jest do dokonania p\u0142atno\u015bci w terminie 7 dni kalendarzowych od dnia zawarcia Umowy Sprzeda\u017cy. Wysy\u0142ka Wysy\u0142ki realizujemy od marca do pa\u017adziernika. Je\u017celi warunki atmosferyczne nie sprzyjaj\u0105 (zbyt wysokie lub zbyt niskie temperatury), w\u00f3wczas wysy\u0142ki s\u0105 wstrzymane do momentu poprawy pogody. Paczki s\u0105 wysy\u0142ane od poniedzia\u0142ku do \u015brody w\u0142\u0105cznie, po wcze\u015bniejszym zaksi\u0119gowaniu pieni\u0119dzy na koncie. Przesy\u0142ka jest realizowana w dniu kolejnym od dnia otrzymania przelewu na konto. Paczki s\u0105 odpowiednio zabezpieczane w danych porach roku aby&nbsp;&nbsp;&nbsp; w humanitarny i bezpieczny spos\u00f3b trafi\u0142y do Klienta. Nie wysy\u0142amy paczek za pobraniem. Istnieje mo\u017cliwo\u015b\u0107 odbioru osobistego po wcze\u015bniejszym ustaleniu terminu i miejsca , bez koszt\u00f3w transportu. P\u0142atno\u015b\u0107 w tym przypadku odbywa si\u0119 przelewem b\u0105d\u017a odliczon\u0105 got\u00f3wk\u0105. Reklamacja i zwroty Podstaw\u0105 reklamacji jest nagranie z otwierania paczki. Film bez ci\u0119\u0107, nagrany od pocz\u0105tku do ko\u0144ca&nbsp; z pe\u0142nym kadrowaniem zakupionego produktu. W przypadku uznania reklamacji, towar wysy\u0142amy ponownie (koszt transportu pokrywa SpidersGod.com)&nbsp;&nbsp;&nbsp; a w przypadku braku na stanie, zwracamy pieni\u0105dze na konto Klienta. Nie przyjmujemy zwrot\u00f3w \u017cywych zwierz\u0105t. W przypadku gatunk\u00f3w obj\u0119tych ochron\u0105, przesy\u0142amy stosowny dokument. Polityka prywatno\u015bci Dokonywanie zakup\u00f3w za po\u015brednictwem SpidersGod.com wymaga akceptacji plik\u00f3w cookie przez przegl\u0105dark\u0119 u\u017cytkownika. Je\u017celi nie zgadzasz si\u0119 na u\u017cywanie przez nas plik\u00f3w cookie, powiniene\u015b zmieni\u0107 ustawienia swojej przegl\u0105darki w odpowiedni spos\u00f3b lub zrezygnowa\u0107 z u\u017cywania stron oraz aplikacji. Przetwarzanie i ochrona danych osobowych Wszelkie dane osobowe podawane podczas procesu zamawiania s\u0142u\u017c\u0105 wy\u0142\u0105cznie do realizacji zam\u00f3wienia i nie s\u0105 udost\u0119pniane innym instytucjom ani osobom trzecim \u2013 z wyj\u0105tkiem: firm dostarczaj\u0105cym przesy\u0142ki. W tym przypadku powierzenie danych jest konieczne do zaadresowanie i dostarczenia przesy\u0142ki. Administratora systemu p\u0142atno\u015bci on-line w przypadku dokonywania p\u0142atno\u015bci t\u0105 metod\u0105. Podanie danych osobowych przez Klienta jest dobrowolne, jednak\u017ce niepodanie wskazanych w Regulaminie danych osobowych niezb\u0119dnych do zawarcia Umowy sprzeda\u017cy lub umowy o \u015bwiadczenie Us\u0142ugi elektronicznej skutkuje niemo\u017cliwo\u015bci\u0105 zawarcia i realizacji tej\u017ce umowy. Zgod\u0119 na rejestracj\u0119 i przetwarzanie danych osobowych Klient wyra\u017ca przed rejestracj\u0105 w systemie. Dla zrealizowania umowy konieczne jest podanie nast\u0119puj\u0105cych danych Klienta: &#8211; imi\u0119 i nazwisko &#8211; adres do wysy\u0142ki: kraj, miasto, kod pocztowy, ulica, numer lokalu &#8211; adres e-mail &#8211; numer telefonu kontaktowego Prawa Autorskie Wszystkie zdj\u0119cia i opisy zamieszczone na stronie SpidersGod.com s\u0105 w\u0142asno\u015bci\u0105 sklepu i zabrania si\u0119 ich kopiowania w ca\u0142o\u015bci lub&nbsp;&nbsp;&nbsp;&nbsp; w cz\u0119\u015bci bez zgody w\u0142a\u015bciciela i administratora strony. Zgodnie z Ustaw\u0105 o Prawie Autorskim i Prawach Pokrewnych z dnia 4 lutego 1994 roku (Dz.U.94 Nr 24 poz. 83, sprost.: Dz.U.94 Nr 43 poz.170) wykorzystywanie autorskich pomys\u0142\u00f3w, rozwi\u0105za\u0144, kopiowanie, rozpowszechnianie zdj\u0119\u0107, fragment\u00f3w grafiki, tekst\u00f3w opis\u00f3w w celach zarobkowych, bez zezwolenia autora jest zabronione i stanowi naruszenie praw autorskich oraz podlega karze. Znaki towarowe i graficzne s\u0105 w\u0142asno\u015bci\u0105 odpowiednich firm i\/lub instytucji. Zapraszamy do zakup\u00f3w na naszej stronie.<\/p>\n","protected":false},"author":1,"featured_media":0,"parent":0,"menu_order":0,"comment_status":"closed","ping_status":"closed","template":"","meta":{"footnotes":""},"class_list":{"0":"post-524","1":"page","2":"type-page","3":"status-publish","4":"hentry","5":"nt-post-class","6":"","7":"thumb-none","9":"excerpt-none"},"lang":"pl","translations":{"pl":524,"en":1154},"jetpack_sharing_enabled":true,"pll_sync_post":[],"_links":{"self":[{"href":"https:\/\/spidersgod.eu\/index.php?rest_route=\/wp\/v2\/pages\/524","targetHints":{"allow":["GET"]}}],"collection":[{"href":"https:\/\/spidersgod.eu\/index.php?rest_route=\/wp\/v2\/pages"}],"about":[{"href":"https:\/\/spidersgod.eu\/index.php?rest_route=\/wp\/v2\/types\/page"}],"author":[{"embeddable":true,"href":"https:\/\/spidersgod.eu\/index.php?rest_route=\/wp\/v2\/users\/1"}],"replies":[{"embeddable":true,"href":"https:\/\/spidersgod.eu\/index.php?rest_route=%2Fwp%2Fv2%2Fcomments&post=524"}],"version-history":[{"count":7,"href":"https:\/\/spidersgod.eu\/index.php?rest_route=\/wp\/v2\/pages\/524\/revisions"}],"predecessor-version":[{"id":880,"href":"https:\/\/spidersgod.eu\/index.php?rest_route=\/wp\/v2\/pages\/524\/revisions\/880"}],"wp:attachment":[{"href":"https:\/\/spidersgod.eu\/index.php?rest_route=%2Fwp%2Fv2%2Fmedia&parent=524"}],"curies":[{"name":"wp","href":"https:\/\/api.w.org\/{rel}","templated":true}]}}