{"id":864,"date":"2024-05-15T14:46:12","date_gmt":"2024-05-15T14:46:12","guid":{"rendered":"https:\/\/spidersgod.eu\/?page_id=864"},"modified":"2024-05-18T08:30:07","modified_gmt":"2024-05-18T08:30:07","slug":"mystery-box","status":"publish","type":"page","link":"https:\/\/spidersgod.eu\/?page_id=864","title":{"rendered":"Mystery Box"},"content":{"rendered":"\t\t<div data-elementor-type=\"wp-page\" data-elementor-id=\"864\" class=\"elementor elementor-864\">\n\t\t\t\t<div class=\"elementor-element elementor-element-fd0588c e-flex e-con-boxed wpr-particle-no wpr-jarallax-no wpr-parallax-no wpr-sticky-section-no e-con e-parent\" data-id=\"fd0588c\" data-element_type=\"container\">\n\t\t\t\t\t<div class=\"e-con-inner\">\n\t\t\t\t<div class=\"elementor-element elementor-element-087241a elementor-widget elementor-widget-spacer\" data-id=\"087241a\" data-element_type=\"widget\" data-widget_type=\"spacer.default\">\n\t\t\t\t<div class=\"elementor-widget-container\">\n\t\t\t\t\t\t\t<div class=\"elementor-spacer\">\n\t\t\t<div class=\"elementor-spacer-inner\"><\/div>\n\t\t<\/div>\n\t\t\t\t\t\t<\/div>\n\t\t\t\t<\/div>\n\t\t<div class=\"elementor-element elementor-element-c55eea4 e-flex e-con-boxed wpr-particle-no wpr-jarallax-no wpr-parallax-no wpr-sticky-section-no e-con e-child\" data-id=\"c55eea4\" data-element_type=\"container\">\n\t\t\t\t\t<div class=\"e-con-inner\">\n\t\t\t\t<div class=\"elementor-element elementor-element-64589a9 electron-transform transform-type-translate elementor-widget elementor-widget-heading\" data-id=\"64589a9\" data-element_type=\"widget\" data-widget_type=\"heading.default\">\n\t\t\t\t<div class=\"elementor-widget-container\">\n\t\t\t\t\t<h2 class=\"elementor-heading-title elementor-size-default\">Mystery Box jest aktualnie niedost\u0119pny, zapraszamy p\u00f3\u017aniej!<\/h2>\t\t\t\t<\/div>\n\t\t\t\t<\/div>\n\t\t\t\t\t<\/div>\n\t\t\t\t<\/div>\n\t\t\t\t\t<\/div>\n\t\t\t\t<\/div>\n\t\t\t\t<\/div>\n\t\t","protected":false},"excerpt":{"rendered":"<p>Mystery Box jest aktualnie niedost\u0119pny, zapraszamy p\u00f3\u017aniej!<\/p>\n","protected":false},"author":1,"featured_media":0,"parent":0,"menu_order":0,"comment_status":"closed","ping_status":"closed","template":"","meta":{"footnotes":""},"class_list":{"0":"post-864","1":"page","2":"type-page","3":"status-publish","4":"hentry","5":"nt-post-class","6":"","7":"thumb-none","9":"excerpt-none"},"lang":"pl","translations":{"pl":864,"en":1143},"jetpack_sharing_enabled":true,"pll_sync_post":[],"_links":{"self":[{"href":"https:\/\/spidersgod.eu\/index.php?rest_route=\/wp\/v2\/pages\/864","targetHints":{"allow":["GET"]}}],"collection":[{"href":"https:\/\/spidersgod.eu\/index.php?rest_route=\/wp\/v2\/pages"}],"about":[{"href":"https:\/\/spidersgod.eu\/index.php?rest_route=\/wp\/v2\/types\/page"}],"author":[{"embeddable":true,"href":"https:\/\/spidersgod.eu\/index.php?rest_route=\/wp\/v2\/users\/1"}],"replies":[{"embeddable":true,"href":"https:\/\/spidersgod.eu\/index.php?rest_route=%2Fwp%2Fv2%2Fcomments&post=864"}],"version-history":[{"count":4,"href":"https:\/\/spidersgod.eu\/index.php?rest_route=\/wp\/v2\/pages\/864\/revisions"}],"predecessor-version":[{"id":891,"href":"https:\/\/spidersgod.eu\/index.php?rest_route=\/wp\/v2\/pages\/864\/revisions\/891"}],"wp:attachment":[{"href":"https:\/\/spidersgod.eu\/index.php?rest_route=%2Fwp%2Fv2%2Fmedia&parent=864"}],"curies":[{"name":"wp","href":"https:\/\/api.w.org\/{rel}","templated":true}]}}