{"id":2916,"date":"2025-09-13T15:27:14","date_gmt":"2025-09-13T15:27:14","guid":{"rendered":"https:\/\/spidersgod.eu\/?post_type=product&#038;p=2916"},"modified":"2025-09-13T15:27:14","modified_gmt":"2025-09-13T15:27:14","slug":"ceratogyrus-darlingi-35dc-samica","status":"publish","type":"product","link":"https:\/\/spidersgod.eu\/?product=ceratogyrus-darlingi-35dc-samica","title":{"rendered":"Ceratogyrus darlingi 3,5DC samica"},"content":{"rendered":"<h4><strong>Ceratogyrus darlingi \u2013 Ptasznik naziemny, bardzo agresywny, nie wyczesuje w\u0142osk\u00f3w parz\u0105cych. Ma charakterystyczny wyrostek na karapaksie -r\u00f3g, kt\u00f3ry pe\u0142ni funkcj\u0119 zaczepu mi\u0119\u015bni i innych narz\u0105d\u00f3w wewn\u0119trznych. Kopie tunele w pod\u0142o\u017cu i sporo paj\u0119czynuje. Samica robi kokon w formie hamaku.<\/strong><\/h4>\n","protected":false},"excerpt":{"rendered":"<p>Ceratogyrus darlingi \u2013 Ptasznik naziemny, bardzo agresywny, nie wyczesuje w\u0142osk\u00f3w parz\u0105cych. Ma charakterystyczny wyrostek na karapaksie -r\u00f3g, kt\u00f3ry pe\u0142ni funkcj\u0119 zaczepu mi\u0119\u015bni i innych narz\u0105d\u00f3w wewn\u0119trznych. Kopie tunele w pod\u0142o\u017cu i sporo paj\u0119czynuje. Samica robi kokon w formie hamaku.<\/p>\n","protected":false},"featured_media":436,"comment_status":"open","ping_status":"closed","template":"","meta":[],"product_cat":[27],"product_tag":[83,141],"class_list":{"0":"post-2916","1":"product","2":"type-product","3":"status-publish","4":"has-post-thumbnail","6":"product_cat-samice","7":"product_tag-naziemne","8":"product_tag-samica","9":"nt-post-class","10":"","13":"excerpt-none","16":"first","17":"instock","18":"shipping-taxable","19":"purchasable","20":"product-type-simple"},"lang":"pl","translations":{"pl":2916},"jetpack_sharing_enabled":true,"pll_sync_post":[],"_links":{"self":[{"href":"https:\/\/spidersgod.eu\/index.php?rest_route=\/wp\/v2\/product\/2916","targetHints":{"allow":["GET"]}}],"collection":[{"href":"https:\/\/spidersgod.eu\/index.php?rest_route=\/wp\/v2\/product"}],"about":[{"href":"https:\/\/spidersgod.eu\/index.php?rest_route=\/wp\/v2\/types\/product"}],"replies":[{"embeddable":true,"href":"https:\/\/spidersgod.eu\/index.php?rest_route=%2Fwp%2Fv2%2Fcomments&post=2916"}],"version-history":[{"count":1,"href":"https:\/\/spidersgod.eu\/index.php?rest_route=\/wp\/v2\/product\/2916\/revisions"}],"predecessor-version":[{"id":2917,"href":"https:\/\/spidersgod.eu\/index.php?rest_route=\/wp\/v2\/product\/2916\/revisions\/2917"}],"wp:featuredmedia":[{"embeddable":true,"href":"https:\/\/spidersgod.eu\/index.php?rest_route=\/wp\/v2\/media\/436"}],"wp:attachment":[{"href":"https:\/\/spidersgod.eu\/index.php?rest_route=%2Fwp%2Fv2%2Fmedia&parent=2916"}],"wp:term":[{"taxonomy":"product_cat","embeddable":true,"href":"https:\/\/spidersgod.eu\/index.php?rest_route=%2Fwp%2Fv2%2Fproduct_cat&post=2916"},{"taxonomy":"product_tag","embeddable":true,"href":"https:\/\/spidersgod.eu\/index.php?rest_route=%2Fwp%2Fv2%2Fproduct_tag&post=2916"}],"curies":[{"name":"wp","href":"https:\/\/api.w.org\/{rel}","templated":true}]}}