{"id":3028,"date":"2025-10-04T15:56:42","date_gmt":"2025-10-04T15:56:42","guid":{"rendered":"https:\/\/spidersgod.eu\/?post_type=product&#038;p=3028"},"modified":"2026-04-13T10:15:28","modified_gmt":"2026-04-13T10:15:28","slug":"phormingochilus-sp-akcaya-l5","status":"publish","type":"product","link":"https:\/\/spidersgod.eu\/?product=phormingochilus-sp-akcaya-l5","title":{"rendered":"Phormingochilus sp. Akcaya L5"},"content":{"rendered":"<p>Phormingochilus sp. Akcaya, znana tak\u017ce jako \u201cAkcaya Earth Tiger\u201d, to egzotyczny, rzadko spotykany, gatunkowo niewyodr\u0119bniony ptasznik pochodz\u0105cy z Borneo oraz Sulawesi. Jej najwi\u0119ksz\u0105 atrakcj\u0105 s\u0105 kontrastowe barwy \u2013 metaliczny, z\u0142oto-br\u0105zowy karapaks z miedzianym lub zielonkawym po\u0142yskiem oraz wyra\u017ane pasy na nogach przypominaj\u0105ce tygrysi wz\u00f3r. Doros\u0142e samice osi\u0105gaj\u0105 rozpi\u0119to\u015b\u0107 n\u00f3g ok. 17 \u2013 18 cm, za\u015b samce s\u0105 zauwa\u017calnie mniejsze. To szybki, nadrzewny i terytorialny paj\u0105k, kt\u00f3ry w obronie przyjmuje postaw\u0119 gotowo\u015bci, a jego ugryzienie, cho\u0107 rzadko niebezpieczne, potrafi by\u0107 bolesne. Gatunek szybko ro\u015bnie i wymaga do\u015bwiadczonych opiekun\u00f3w \u2013 nie polecany pocz\u0105tkuj\u0105cym ze wzgl\u0119du na temperament i wymagania \u015brodowiskowe. W hodowli preferuje wy\u017csze terraria (min. 30 cm), z g\u0142\u0119bokim wilgotnym substratem i korkowymi kryj\u00f3wkami do wspinaczki. Optymalna temperatura to 24 \u2013 29\u00b0C w dzie\u0144 oraz 22 \u2013 23\u00b0C noc\u0105, przy wilgotno\u015bci utrzymywanej na poziomie 80\u201390 %, co odzwierciedla jej naturalne warunki na Borneo. Samice mog\u0105 \u017cy\u0107 nawet ponad 12 \u2013 15 lat, podczas gdy samce zazwyczaj do\u017cywaj\u0105 2 \u2013 4 lat.<\/p>\n","protected":false},"excerpt":{"rendered":"<p>Rozpi\u0119to\u015b\u0107 n\u00f3g: 5cm<\/p>\n","protected":false},"featured_media":470,"comment_status":"open","ping_status":"closed","template":"","meta":[],"product_cat":[24,32],"product_tag":[67,61,85],"class_list":{"0":"post-3028","1":"product","2":"type-product","3":"status-publish","4":"has-post-thumbnail","6":"product_cat-maluchy","7":"product_cat-nadrzewne","8":"product_tag-l5","9":"product_tag-maluchy","10":"product_tag-nadrzewne","11":"nt-post-class","12":"","18":"first","19":"instock","20":"shipping-taxable","21":"purchasable","22":"product-type-simple"},"lang":"pl","translations":{"pl":3028},"jetpack_sharing_enabled":true,"pll_sync_post":[],"_links":{"self":[{"href":"https:\/\/spidersgod.eu\/index.php?rest_route=\/wp\/v2\/product\/3028","targetHints":{"allow":["GET"]}}],"collection":[{"href":"https:\/\/spidersgod.eu\/index.php?rest_route=\/wp\/v2\/product"}],"about":[{"href":"https:\/\/spidersgod.eu\/index.php?rest_route=\/wp\/v2\/types\/product"}],"replies":[{"embeddable":true,"href":"https:\/\/spidersgod.eu\/index.php?rest_route=%2Fwp%2Fv2%2Fcomments&post=3028"}],"version-history":[{"count":1,"href":"https:\/\/spidersgod.eu\/index.php?rest_route=\/wp\/v2\/product\/3028\/revisions"}],"predecessor-version":[{"id":3029,"href":"https:\/\/spidersgod.eu\/index.php?rest_route=\/wp\/v2\/product\/3028\/revisions\/3029"}],"wp:featuredmedia":[{"embeddable":true,"href":"https:\/\/spidersgod.eu\/index.php?rest_route=\/wp\/v2\/media\/470"}],"wp:attachment":[{"href":"https:\/\/spidersgod.eu\/index.php?rest_route=%2Fwp%2Fv2%2Fmedia&parent=3028"}],"wp:term":[{"taxonomy":"product_cat","embeddable":true,"href":"https:\/\/spidersgod.eu\/index.php?rest_route=%2Fwp%2Fv2%2Fproduct_cat&post=3028"},{"taxonomy":"product_tag","embeddable":true,"href":"https:\/\/spidersgod.eu\/index.php?rest_route=%2Fwp%2Fv2%2Fproduct_tag&post=3028"}],"curies":[{"name":"wp","href":"https:\/\/api.w.org\/{rel}","templated":true}]}}