{"id":3094,"date":"2025-10-14T12:53:53","date_gmt":"2025-10-14T12:53:53","guid":{"rendered":"https:\/\/spidersgod.eu\/?post_type=product&#038;p=3094"},"modified":"2026-04-18T20:05:22","modified_gmt":"2026-04-18T20:05:22","slug":"phormictopus-atrichomatus-l1-promocja-21-gratis","status":"publish","type":"product","link":"https:\/\/spidersgod.eu\/?product=phormictopus-atrichomatus-l1-promocja-21-gratis","title":{"rendered":"Phormictopus atrichomatus L2 PROMOCJA 2+1 GRATIS"},"content":{"rendered":"<p>Bardzo du\u017cy i \u017car\u0142oczny, lubi sobie po\u0142azi\u0107. Polecany \u015bredniozaawansowanym hodowcom. Na karapaksie i odn\u00f3\u017cach kolorystyka z\u0142otawo-br\u0105zowa z fioletowymi refleksami- u samc\u00f3w kolor ten jest znacznie bardziej wyrazisty ni\u017c u samicy. M\u0142ode, jak wi\u0119kszo\u015b\u0107 Phormictopus, s\u0105 ciemnogranatowe. Samiec osi\u0105ga do 5,5-6 cm DC, samice do 7 DC.<\/p>\n","protected":false},"excerpt":{"rendered":"<p>Wybieraj\u0105c 1 produkt w tej promocji otrzymujesz za 80z\u0142<\/p>\n<p>3 sztuki Phormictopus atrichomatus L2<\/p>\n","protected":false},"featured_media":3127,"comment_status":"open","ping_status":"closed","template":"","meta":[],"product_cat":[24,31],"product_tag":[51,61,83],"class_list":{"0":"post-3094","1":"product","2":"type-product","3":"status-publish","4":"has-post-thumbnail","6":"product_cat-maluchy","7":"product_cat-naziemne","8":"product_tag-l1","9":"product_tag-maluchy","10":"product_tag-naziemne","11":"nt-post-class","12":"","18":"first","19":"instock","20":"shipping-taxable","21":"purchasable","22":"product-type-simple"},"lang":"pl","translations":{"pl":3094},"jetpack_sharing_enabled":true,"pll_sync_post":[],"_links":{"self":[{"href":"https:\/\/spidersgod.eu\/index.php?rest_route=\/wp\/v2\/product\/3094","targetHints":{"allow":["GET"]}}],"collection":[{"href":"https:\/\/spidersgod.eu\/index.php?rest_route=\/wp\/v2\/product"}],"about":[{"href":"https:\/\/spidersgod.eu\/index.php?rest_route=\/wp\/v2\/types\/product"}],"replies":[{"embeddable":true,"href":"https:\/\/spidersgod.eu\/index.php?rest_route=%2Fwp%2Fv2%2Fcomments&post=3094"}],"version-history":[{"count":5,"href":"https:\/\/spidersgod.eu\/index.php?rest_route=\/wp\/v2\/product\/3094\/revisions"}],"predecessor-version":[{"id":3641,"href":"https:\/\/spidersgod.eu\/index.php?rest_route=\/wp\/v2\/product\/3094\/revisions\/3641"}],"wp:featuredmedia":[{"embeddable":true,"href":"https:\/\/spidersgod.eu\/index.php?rest_route=\/wp\/v2\/media\/3127"}],"wp:attachment":[{"href":"https:\/\/spidersgod.eu\/index.php?rest_route=%2Fwp%2Fv2%2Fmedia&parent=3094"}],"wp:term":[{"taxonomy":"product_cat","embeddable":true,"href":"https:\/\/spidersgod.eu\/index.php?rest_route=%2Fwp%2Fv2%2Fproduct_cat&post=3094"},{"taxonomy":"product_tag","embeddable":true,"href":"https:\/\/spidersgod.eu\/index.php?rest_route=%2Fwp%2Fv2%2Fproduct_tag&post=3094"}],"curies":[{"name":"wp","href":"https:\/\/api.w.org\/{rel}","templated":true}]}}