{"id":3146,"date":"2025-10-21T18:57:38","date_gmt":"2025-10-21T18:57:38","guid":{"rendered":"https:\/\/spidersgod.eu\/?post_type=product&#038;p=3146"},"modified":"2026-03-07T20:19:46","modified_gmt":"2026-03-07T20:19:46","slug":"psalmopoeus-irminia-l1-2","status":"publish","type":"product","link":"https:\/\/spidersgod.eu\/?product=psalmopoeus-irminia-l1-2","title":{"rendered":"Psalmopoeus irminia L1"},"content":{"rendered":"","protected":false},"excerpt":{"rendered":"<p>Rozpi\u0119to\u015b\u0107 n\u00f3g:1,5cm<\/p>\n","protected":false},"featured_media":750,"comment_status":"open","ping_status":"closed","template":"","meta":[],"product_cat":[24,32],"product_tag":[51,61,85],"class_list":{"0":"post-3146","1":"product","2":"type-product","3":"status-publish","4":"has-post-thumbnail","6":"product_cat-maluchy","7":"product_cat-nadrzewne","8":"product_tag-l1","9":"product_tag-maluchy","10":"product_tag-nadrzewne","11":"nt-post-class","12":"","18":"first","19":"instock","20":"shipping-taxable","21":"purchasable","22":"product-type-simple"},"lang":"pl","translations":{"pl":3146},"jetpack_sharing_enabled":true,"pll_sync_post":[],"_links":{"self":[{"href":"https:\/\/spidersgod.eu\/index.php?rest_route=\/wp\/v2\/product\/3146","targetHints":{"allow":["GET"]}}],"collection":[{"href":"https:\/\/spidersgod.eu\/index.php?rest_route=\/wp\/v2\/product"}],"about":[{"href":"https:\/\/spidersgod.eu\/index.php?rest_route=\/wp\/v2\/types\/product"}],"replies":[{"embeddable":true,"href":"https:\/\/spidersgod.eu\/index.php?rest_route=%2Fwp%2Fv2%2Fcomments&post=3146"}],"version-history":[{"count":2,"href":"https:\/\/spidersgod.eu\/index.php?rest_route=\/wp\/v2\/product\/3146\/revisions"}],"predecessor-version":[{"id":3524,"href":"https:\/\/spidersgod.eu\/index.php?rest_route=\/wp\/v2\/product\/3146\/revisions\/3524"}],"wp:featuredmedia":[{"embeddable":true,"href":"https:\/\/spidersgod.eu\/index.php?rest_route=\/wp\/v2\/media\/750"}],"wp:attachment":[{"href":"https:\/\/spidersgod.eu\/index.php?rest_route=%2Fwp%2Fv2%2Fmedia&parent=3146"}],"wp:term":[{"taxonomy":"product_cat","embeddable":true,"href":"https:\/\/spidersgod.eu\/index.php?rest_route=%2Fwp%2Fv2%2Fproduct_cat&post=3146"},{"taxonomy":"product_tag","embeddable":true,"href":"https:\/\/spidersgod.eu\/index.php?rest_route=%2Fwp%2Fv2%2Fproduct_tag&post=3146"}],"curies":[{"name":"wp","href":"https:\/\/api.w.org\/{rel}","templated":true}]}}