{"id":3194,"date":"2025-11-03T20:35:46","date_gmt":"2025-11-03T20:35:46","guid":{"rendered":"https:\/\/spidersgod.eu\/?post_type=product&#038;p=3194"},"modified":"2026-03-07T19:53:57","modified_gmt":"2026-03-07T19:53:57","slug":"poecilotheria-regalis-grupowka-3sztuki","status":"publish","type":"product","link":"https:\/\/spidersgod.eu\/?product=poecilotheria-regalis-grupowka-3sztuki","title":{"rendered":"Poecilotheria regalis L1 grup\u00f3wka 3sztuki"},"content":{"rendered":"<div dir=\"auto\">Poecilotheria regalis-ptasznik kr\u00f3lewski-du\u017cy, nadrzewny i szybki paj\u0105k z Indii. Ciekawie ubarwiony w kolorystyce szaro-bia\u0142ej<\/div>\n<div dir=\"auto\">z czarnymi ornamentami. Od spodu charakterystyczny bia\u0142y pas na odw\u0142oku a odn\u00f3\u017ca w kolorze jaskrawo-\u017c\u00f3\u0142tym. Samice do\u017cywaj\u0105<\/div>\n<div dir=\"auto\">15 lat a samce 2-3 lata. Polecany do\u015bwiadczonym hodowcom.<\/div>\n","protected":false},"excerpt":{"rendered":"<p>Wybieraj\u0105c 1 produkt w tej promocji otrzymujesz za 60z\u0142<\/p>\n<p>3 sztuk Poecilotheria regalis L1<\/p>\n","protected":false},"featured_media":1541,"comment_status":"open","ping_status":"closed","template":"","meta":[],"product_cat":[29,24,32],"product_tag":[165,51,85],"class_list":{"0":"post-3194","1":"product","2":"type-product","3":"status-publish","4":"has-post-thumbnail","6":"product_cat-grupowki","7":"product_cat-maluchy","8":"product_cat-nadrzewne","9":"product_tag-grupowka","10":"product_tag-l1","11":"product_tag-nadrzewne","12":"nt-post-class","13":"","19":"first","20":"instock","21":"shipping-taxable","22":"purchasable","23":"product-type-simple"},"lang":"pl","translations":{"pl":3194},"jetpack_sharing_enabled":true,"pll_sync_post":[],"_links":{"self":[{"href":"https:\/\/spidersgod.eu\/index.php?rest_route=\/wp\/v2\/product\/3194","targetHints":{"allow":["GET"]}}],"collection":[{"href":"https:\/\/spidersgod.eu\/index.php?rest_route=\/wp\/v2\/product"}],"about":[{"href":"https:\/\/spidersgod.eu\/index.php?rest_route=\/wp\/v2\/types\/product"}],"replies":[{"embeddable":true,"href":"https:\/\/spidersgod.eu\/index.php?rest_route=%2Fwp%2Fv2%2Fcomments&post=3194"}],"version-history":[{"count":2,"href":"https:\/\/spidersgod.eu\/index.php?rest_route=\/wp\/v2\/product\/3194\/revisions"}],"predecessor-version":[{"id":3201,"href":"https:\/\/spidersgod.eu\/index.php?rest_route=\/wp\/v2\/product\/3194\/revisions\/3201"}],"wp:featuredmedia":[{"embeddable":true,"href":"https:\/\/spidersgod.eu\/index.php?rest_route=\/wp\/v2\/media\/1541"}],"wp:attachment":[{"href":"https:\/\/spidersgod.eu\/index.php?rest_route=%2Fwp%2Fv2%2Fmedia&parent=3194"}],"wp:term":[{"taxonomy":"product_cat","embeddable":true,"href":"https:\/\/spidersgod.eu\/index.php?rest_route=%2Fwp%2Fv2%2Fproduct_cat&post=3194"},{"taxonomy":"product_tag","embeddable":true,"href":"https:\/\/spidersgod.eu\/index.php?rest_route=%2Fwp%2Fv2%2Fproduct_tag&post=3194"}],"curies":[{"name":"wp","href":"https:\/\/api.w.org\/{rel}","templated":true}]}}