{"id":3381,"date":"2026-01-02T17:19:37","date_gmt":"2026-01-02T17:19:37","guid":{"rendered":"https:\/\/spidersgod.eu\/?post_type=product&#038;p=3381"},"modified":"2026-01-02T17:20:14","modified_gmt":"2026-01-02T17:20:14","slug":"heteroscodra-maculata-l8","status":"publish","type":"product","link":"https:\/\/spidersgod.eu\/?product=heteroscodra-maculata-l8","title":{"rendered":"Heteroscodra maculata L8"},"content":{"rendered":"<p>Heteroscodra maculata, znana jako \u201cptasznik \u015bnie\u017cny\u201d lub \u201cTogo Starburst Baboon\u201d, to jeden z najbardziej widowiskowych i ekscytuj\u0105cych gatunk\u00f3w w \u015bwiecie paj\u0119czak\u00f3w. Pochodz\u0105cy z las\u00f3w deszczowych Afryki Zachodniej, ten nadrzewny paj\u0105k zachwyca marmurkowym, szaro-bia\u0142ym ubarwieniem z ciemnymi akcentami oraz charakterystycznym wzorem w kszta\u0142cie gwiazdy na karapaksie. Jest niezwykle szybki, skoczny i nieprzewidywalny, a jego silny jad sprawia, \u017ce nie nadaje si\u0119 dla pocz\u0105tkuj\u0105cych hodowc\u00f3w. Zamiast w\u0142osk\u00f3w parz\u0105cych, w sytuacji zagro\u017cenia polega na b\u0142yskawicznej ucieczce lub obronnym ugryzieniu. W terrarium tworzy imponuj\u0105ce paj\u0119czynowe konstrukcje, cz\u0119sto pokrywaj\u0105c nimi ca\u0142e wn\u0119trze. Cho\u0107 to gatunek typowo nadrzewny, m\u0142ode osobniki przez pierwsze miesi\u0105ce \u017cycia zakopuj\u0105 si\u0119 w pod\u0142o\u017cu, co czyni ich obserwacj\u0119 jeszcze bardziej fascynuj\u0105c\u0105. To paj\u0105k, kt\u00f3ry zachwyca wygl\u0105dem i temperamentem, ale wymaga respektu i do\u015bwiadczenia.<\/p>\n","protected":false},"excerpt":{"rendered":"<p>Rozpi\u0119to\u015b\u0107 n\u00f3g:3,5cm<\/p>\n","protected":false},"featured_media":2101,"comment_status":"open","ping_status":"closed","template":"","meta":[],"product_cat":[24,32],"product_tag":[169,61,85],"class_list":{"0":"post-3381","1":"product","2":"type-product","3":"status-publish","4":"has-post-thumbnail","6":"product_cat-maluchy","7":"product_cat-nadrzewne","8":"product_tag-l8","9":"product_tag-maluchy","10":"product_tag-nadrzewne","11":"nt-post-class","12":"","18":"first","19":"instock","20":"shipping-taxable","21":"purchasable","22":"product-type-simple"},"lang":"pl","translations":{"pl":3381},"jetpack_sharing_enabled":true,"pll_sync_post":[],"_links":{"self":[{"href":"https:\/\/spidersgod.eu\/index.php?rest_route=\/wp\/v2\/product\/3381","targetHints":{"allow":["GET"]}}],"collection":[{"href":"https:\/\/spidersgod.eu\/index.php?rest_route=\/wp\/v2\/product"}],"about":[{"href":"https:\/\/spidersgod.eu\/index.php?rest_route=\/wp\/v2\/types\/product"}],"replies":[{"embeddable":true,"href":"https:\/\/spidersgod.eu\/index.php?rest_route=%2Fwp%2Fv2%2Fcomments&post=3381"}],"version-history":[{"count":2,"href":"https:\/\/spidersgod.eu\/index.php?rest_route=\/wp\/v2\/product\/3381\/revisions"}],"predecessor-version":[{"id":3383,"href":"https:\/\/spidersgod.eu\/index.php?rest_route=\/wp\/v2\/product\/3381\/revisions\/3383"}],"wp:featuredmedia":[{"embeddable":true,"href":"https:\/\/spidersgod.eu\/index.php?rest_route=\/wp\/v2\/media\/2101"}],"wp:attachment":[{"href":"https:\/\/spidersgod.eu\/index.php?rest_route=%2Fwp%2Fv2%2Fmedia&parent=3381"}],"wp:term":[{"taxonomy":"product_cat","embeddable":true,"href":"https:\/\/spidersgod.eu\/index.php?rest_route=%2Fwp%2Fv2%2Fproduct_cat&post=3381"},{"taxonomy":"product_tag","embeddable":true,"href":"https:\/\/spidersgod.eu\/index.php?rest_route=%2Fwp%2Fv2%2Fproduct_tag&post=3381"}],"curies":[{"name":"wp","href":"https:\/\/api.w.org\/{rel}","templated":true}]}}