{"id":3417,"date":"2026-02-03T12:53:12","date_gmt":"2026-02-03T12:53:12","guid":{"rendered":"https:\/\/spidersgod.eu\/?post_type=product&#038;p=3417"},"modified":"2026-03-09T14:22:50","modified_gmt":"2026-03-09T14:22:50","slug":"poecilotheria-vittata-l6","status":"publish","type":"product","link":"https:\/\/spidersgod.eu\/?product=poecilotheria-vittata-l6","title":{"rendered":"Poecilotheria vittata L6"},"content":{"rendered":"<div dir=\"auto\">Poecilotheria vittata \u2013 to niezwykle efektowny ptasznik, ceniony przez hodowc\u00f3w za oryginalny wygl\u0105d i fascynuj\u0105ce zachowania. Gatunek ten zamieszkuje tropikalne, wiecznie zielone lasy suche w po\u0142udniowo-wschodniej cz\u0119\u015bci Sri Lanki, od poziomu morza do wysoko\u015bci oko\u0142o 100 m n.p.m. Samice osi\u0105gaj\u0105 d\u0142ugo\u015b\u0107 cia\u0142a od 6 do 7 cm. Wyr\u00f3\u017cnia si\u0119 wyrazistym wzorem \u2013 maska na karapaksie oraz tygrysie pr\u0119gi na odw\u0142oku co czyni j\u0105 jednym z najbardziej dekoracyjnych gatunk\u00f3w<\/div>\n<div dir=\"auto\">w terrarystyce.<\/div>\n<div dir=\"auto\">Hodowcy doceniaj\u0105 jej zwinno\u015b\u0107 i aktywno\u015b\u0107 nocn\u0105, dzi\u0119ki czemu mo\u017cna obserwowa\u0107 ciekawe zachowania podczas polowa\u0144 na drobne ofiary.<\/div>\n<div dir=\"auto\">W warunkach hodowlanych kluczowe jest utrzymanie temperatury oko\u0142o 28\u00b0C oraz wilgotno\u015bci 70%, a naturalne elementy dekoracyjne 4<\/div>\n<div dir=\"auto\">w terrarium pomagaj\u0105 odtworzy\u0107 warunki znane w naturze.<\/div>\n<div dir=\"auto\">W naturze gatunek ten wybiera dziuple drzew i szczeliny skalne, co hodowcy staraj\u0105 si\u0119 symulowa\u0107, \u0142\u0105cz\u0105c pasj\u0119 z nauk\u0105 o nietypowych strategiach przetrwania.<\/div>\n<div dir=\"auto\">Samice bywaj\u0105 opieku\u0144cze przy inkubacji jaj, a m\u0142ode charakteryzuj\u0105 si\u0119 mniejsz\u0105 agresj\u0105, co pozwala na czasowe trzymanie ich w grupach.<\/div>\n<div dir=\"auto\">Dla mi\u0142o\u015bnik\u00f3w terrarystyki, posiadanie tego gatunku to nie tylko kolekcjonerska przyjemno\u015b\u0107, ale tak\u017ce doskona\u0142a okazja do nauki o nietypowych strategiach przetrwania i rozwoju ptasznik\u00f3w.<\/div>\n","protected":false},"excerpt":{"rendered":"<p>Rozpi\u0119to\u015b\u0107 n\u00f3g:5cm<\/p>\n","protected":false},"featured_media":2239,"comment_status":"open","ping_status":"closed","template":"","meta":[],"product_cat":[24,32],"product_tag":[127,61,85],"class_list":{"0":"post-3417","1":"product","2":"type-product","3":"status-publish","4":"has-post-thumbnail","6":"product_cat-maluchy","7":"product_cat-nadrzewne","8":"product_tag-l6","9":"product_tag-maluchy","10":"product_tag-nadrzewne","11":"nt-post-class","12":"","18":"first","19":"instock","20":"shipping-taxable","21":"purchasable","22":"product-type-simple"},"lang":"pl","translations":{"pl":3417},"jetpack_sharing_enabled":true,"pll_sync_post":[],"_links":{"self":[{"href":"https:\/\/spidersgod.eu\/index.php?rest_route=\/wp\/v2\/product\/3417","targetHints":{"allow":["GET"]}}],"collection":[{"href":"https:\/\/spidersgod.eu\/index.php?rest_route=\/wp\/v2\/product"}],"about":[{"href":"https:\/\/spidersgod.eu\/index.php?rest_route=\/wp\/v2\/types\/product"}],"replies":[{"embeddable":true,"href":"https:\/\/spidersgod.eu\/index.php?rest_route=%2Fwp%2Fv2%2Fcomments&post=3417"}],"version-history":[{"count":2,"href":"https:\/\/spidersgod.eu\/index.php?rest_route=\/wp\/v2\/product\/3417\/revisions"}],"predecessor-version":[{"id":3419,"href":"https:\/\/spidersgod.eu\/index.php?rest_route=\/wp\/v2\/product\/3417\/revisions\/3419"}],"wp:featuredmedia":[{"embeddable":true,"href":"https:\/\/spidersgod.eu\/index.php?rest_route=\/wp\/v2\/media\/2239"}],"wp:attachment":[{"href":"https:\/\/spidersgod.eu\/index.php?rest_route=%2Fwp%2Fv2%2Fmedia&parent=3417"}],"wp:term":[{"taxonomy":"product_cat","embeddable":true,"href":"https:\/\/spidersgod.eu\/index.php?rest_route=%2Fwp%2Fv2%2Fproduct_cat&post=3417"},{"taxonomy":"product_tag","embeddable":true,"href":"https:\/\/spidersgod.eu\/index.php?rest_route=%2Fwp%2Fv2%2Fproduct_tag&post=3417"}],"curies":[{"name":"wp","href":"https:\/\/api.w.org\/{rel}","templated":true}]}}