{"id":3458,"date":"2026-02-21T20:18:49","date_gmt":"2026-02-21T20:18:49","guid":{"rendered":"https:\/\/spidersgod.eu\/?post_type=product&#038;p=3458"},"modified":"2026-03-05T06:27:49","modified_gmt":"2026-03-05T06:27:49","slug":"poecilotheria-fasciata-l2-grupowka-3sztuk","status":"publish","type":"product","link":"https:\/\/spidersgod.eu\/?product=poecilotheria-fasciata-l2-grupowka-3sztuk","title":{"rendered":"Poecilotheria fasciata L2 grup\u00f3wka 3sztuki"},"content":{"rendered":"","protected":false},"excerpt":{"rendered":"<p>Rozpi\u0119to\u015b\u0107 n\u00f3g:2,5cm<\/p>\n<p>Wybieraj\u0105c 1 produkt w tej promocji otrzymujesz za 100z\u0142<\/p>\n<p>3 sztuki Poecilotheria fasciata L2<\/p>\n","protected":false},"featured_media":3248,"comment_status":"open","ping_status":"closed","template":"","meta":[],"product_cat":[29,24],"product_tag":[],"class_list":{"0":"post-3458","1":"product","2":"type-product","3":"status-publish","4":"has-post-thumbnail","6":"product_cat-grupowki","7":"product_cat-maluchy","8":"nt-post-class","9":"","15":"first","16":"instock","17":"shipping-taxable","18":"purchasable","19":"product-type-simple"},"lang":"pl","translations":{"pl":3458},"jetpack_sharing_enabled":true,"pll_sync_post":[],"_links":{"self":[{"href":"https:\/\/spidersgod.eu\/index.php?rest_route=\/wp\/v2\/product\/3458","targetHints":{"allow":["GET"]}}],"collection":[{"href":"https:\/\/spidersgod.eu\/index.php?rest_route=\/wp\/v2\/product"}],"about":[{"href":"https:\/\/spidersgod.eu\/index.php?rest_route=\/wp\/v2\/types\/product"}],"replies":[{"embeddable":true,"href":"https:\/\/spidersgod.eu\/index.php?rest_route=%2Fwp%2Fv2%2Fcomments&post=3458"}],"version-history":[{"count":3,"href":"https:\/\/spidersgod.eu\/index.php?rest_route=\/wp\/v2\/product\/3458\/revisions"}],"predecessor-version":[{"id":3488,"href":"https:\/\/spidersgod.eu\/index.php?rest_route=\/wp\/v2\/product\/3458\/revisions\/3488"}],"wp:featuredmedia":[{"embeddable":true,"href":"https:\/\/spidersgod.eu\/index.php?rest_route=\/wp\/v2\/media\/3248"}],"wp:attachment":[{"href":"https:\/\/spidersgod.eu\/index.php?rest_route=%2Fwp%2Fv2%2Fmedia&parent=3458"}],"wp:term":[{"taxonomy":"product_cat","embeddable":true,"href":"https:\/\/spidersgod.eu\/index.php?rest_route=%2Fwp%2Fv2%2Fproduct_cat&post=3458"},{"taxonomy":"product_tag","embeddable":true,"href":"https:\/\/spidersgod.eu\/index.php?rest_route=%2Fwp%2Fv2%2Fproduct_tag&post=3458"}],"curies":[{"name":"wp","href":"https:\/\/api.w.org\/{rel}","templated":true}]}}