{"id":3460,"date":"2026-02-21T20:20:08","date_gmt":"2026-02-21T20:20:08","guid":{"rendered":"https:\/\/spidersgod.eu\/?post_type=product&#038;p=3460"},"modified":"2026-02-21T20:20:34","modified_gmt":"2026-02-21T20:20:34","slug":"poecilotheria-fasciata-l3","status":"publish","type":"product","link":"https:\/\/spidersgod.eu\/?product=poecilotheria-fasciata-l3","title":{"rendered":"Poecilotheria fasciata L3"},"content":{"rendered":"","protected":false},"excerpt":{"rendered":"<p>Rozpi\u0119to\u015b\u0107 n\u00f3g: 3cm<\/p>\n","protected":false},"featured_media":3248,"comment_status":"open","ping_status":"closed","template":"","meta":[],"product_cat":[24,32],"product_tag":[73,61,85],"class_list":{"0":"post-3460","1":"product","2":"type-product","3":"status-publish","4":"has-post-thumbnail","6":"product_cat-maluchy","7":"product_cat-nadrzewne","8":"product_tag-l3","9":"product_tag-maluchy","10":"product_tag-nadrzewne","11":"nt-post-class","12":"","18":"first","19":"instock","20":"shipping-taxable","21":"purchasable","22":"product-type-simple"},"lang":"pl","translations":{"pl":3460},"jetpack_sharing_enabled":true,"pll_sync_post":[],"_links":{"self":[{"href":"https:\/\/spidersgod.eu\/index.php?rest_route=\/wp\/v2\/product\/3460","targetHints":{"allow":["GET"]}}],"collection":[{"href":"https:\/\/spidersgod.eu\/index.php?rest_route=\/wp\/v2\/product"}],"about":[{"href":"https:\/\/spidersgod.eu\/index.php?rest_route=\/wp\/v2\/types\/product"}],"replies":[{"embeddable":true,"href":"https:\/\/spidersgod.eu\/index.php?rest_route=%2Fwp%2Fv2%2Fcomments&post=3460"}],"version-history":[{"count":2,"href":"https:\/\/spidersgod.eu\/index.php?rest_route=\/wp\/v2\/product\/3460\/revisions"}],"predecessor-version":[{"id":3462,"href":"https:\/\/spidersgod.eu\/index.php?rest_route=\/wp\/v2\/product\/3460\/revisions\/3462"}],"wp:featuredmedia":[{"embeddable":true,"href":"https:\/\/spidersgod.eu\/index.php?rest_route=\/wp\/v2\/media\/3248"}],"wp:attachment":[{"href":"https:\/\/spidersgod.eu\/index.php?rest_route=%2Fwp%2Fv2%2Fmedia&parent=3460"}],"wp:term":[{"taxonomy":"product_cat","embeddable":true,"href":"https:\/\/spidersgod.eu\/index.php?rest_route=%2Fwp%2Fv2%2Fproduct_cat&post=3460"},{"taxonomy":"product_tag","embeddable":true,"href":"https:\/\/spidersgod.eu\/index.php?rest_route=%2Fwp%2Fv2%2Fproduct_tag&post=3460"}],"curies":[{"name":"wp","href":"https:\/\/api.w.org\/{rel}","templated":true}]}}