{"id":3491,"date":"2026-03-05T06:45:52","date_gmt":"2026-03-05T06:45:52","guid":{"rendered":"https:\/\/spidersgod.eu\/?post_type=product&#038;p=3491"},"modified":"2026-03-09T14:22:50","modified_gmt":"2026-03-09T14:22:50","slug":"poecilotheria-metallica-l2-grupowka-3sztuki","status":"publish","type":"product","link":"https:\/\/spidersgod.eu\/?product=poecilotheria-metallica-l2-grupowka-3sztuki","title":{"rendered":"Poecilotheria metallica L2 grup\u00f3wka 3sztuki"},"content":{"rendered":"<div class=\"xdj266r x11i5rnm xat24cr x1mh8g0r x1vvkbs x126k92a\">\n<div dir=\"auto\">Poecilotheria metallica- Ptasznik nadrzewny pochodz\u0105cy z Indii. Odkryty w mie\u015bcie Gooty st\u0105d angielska nazwa zwyczajowa: Gooty Ornamental. Na ca\u0142ym ciele dominuje kolor niebieski z bia\u0142ymi ornamentami na karapaksie i odw\u0142oku, na ko\u0144czynach wyra\u017ane \u017c\u00f3\u0142te plamki. Szerokie, charakterystyczne dla ptasznika nadrzewnego przylgi na stopach.<\/div>\n<div dir=\"auto\">Paj\u0105k preferuj\u0105cy pokarm lataj\u0105cy i szybko poruszaj\u0105cy si\u0119 \u2013 insekty \u015bwierszcze, szara\u0144cze, pasikoniki.<\/div>\n<\/div>\n<div class=\"x11i5rnm xat24cr x1mh8g0r x1vvkbs xtlvy1s x126k92a\">\n<div dir=\"auto\">W naturalnym \u015brodowisku zamieszkuje dziuple wysokich drzew,<\/div>\n<div dir=\"auto\">w kt\u00f3rych tworzy gniazda w postaci lejkowatych sieci. Zdarza si\u0119, \u017ce osobniki tego gatunku \u017cyj\u0105 w grupach.<\/div>\n<div dir=\"auto\">Samice \u017cyj\u0105 \u015brednio 12 lat, natomiast samce 3-4 razy kr\u00f3cej.<\/div>\n<div dir=\"auto\">Ptasznik polecany zaawansowanym hodowcom, jest szybki<\/div>\n<div dir=\"auto\">i posiada silny jad.<\/div>\n<\/div>\n","protected":false},"excerpt":{"rendered":"<p>Wybieraj\u0105c 1 produkt w tej promocji otrzymujesz za 270z\u0142<\/p>\n<p>3 sztuki Poecilotheria metallica L2<\/p>\n","protected":false},"featured_media":2584,"comment_status":"open","ping_status":"closed","template":"","meta":[],"product_cat":[29,24,32],"product_tag":[97,85],"class_list":{"0":"post-3491","1":"product","2":"type-product","3":"status-publish","4":"has-post-thumbnail","6":"product_cat-grupowki","7":"product_cat-maluchy","8":"product_cat-nadrzewne","9":"product_tag-l2","10":"product_tag-nadrzewne","11":"nt-post-class","12":"","18":"first","19":"instock","20":"shipping-taxable","21":"purchasable","22":"product-type-simple"},"lang":"pl","translations":{"pl":3491},"jetpack_sharing_enabled":true,"pll_sync_post":[],"_links":{"self":[{"href":"https:\/\/spidersgod.eu\/index.php?rest_route=\/wp\/v2\/product\/3491","targetHints":{"allow":["GET"]}}],"collection":[{"href":"https:\/\/spidersgod.eu\/index.php?rest_route=\/wp\/v2\/product"}],"about":[{"href":"https:\/\/spidersgod.eu\/index.php?rest_route=\/wp\/v2\/types\/product"}],"replies":[{"embeddable":true,"href":"https:\/\/spidersgod.eu\/index.php?rest_route=%2Fwp%2Fv2%2Fcomments&post=3491"}],"version-history":[{"count":2,"href":"https:\/\/spidersgod.eu\/index.php?rest_route=\/wp\/v2\/product\/3491\/revisions"}],"predecessor-version":[{"id":3493,"href":"https:\/\/spidersgod.eu\/index.php?rest_route=\/wp\/v2\/product\/3491\/revisions\/3493"}],"wp:featuredmedia":[{"embeddable":true,"href":"https:\/\/spidersgod.eu\/index.php?rest_route=\/wp\/v2\/media\/2584"}],"wp:attachment":[{"href":"https:\/\/spidersgod.eu\/index.php?rest_route=%2Fwp%2Fv2%2Fmedia&parent=3491"}],"wp:term":[{"taxonomy":"product_cat","embeddable":true,"href":"https:\/\/spidersgod.eu\/index.php?rest_route=%2Fwp%2Fv2%2Fproduct_cat&post=3491"},{"taxonomy":"product_tag","embeddable":true,"href":"https:\/\/spidersgod.eu\/index.php?rest_route=%2Fwp%2Fv2%2Fproduct_tag&post=3491"}],"curies":[{"name":"wp","href":"https:\/\/api.w.org\/{rel}","templated":true}]}}