{"id":3519,"date":"2026-03-07T20:14:56","date_gmt":"2026-03-07T20:14:56","guid":{"rendered":"https:\/\/spidersgod.eu\/?post_type=product&#038;p=3519"},"modified":"2026-03-07T20:14:56","modified_gmt":"2026-03-07T20:14:56","slug":"psalmopoeus-pulcher-l5","status":"publish","type":"product","link":"https:\/\/spidersgod.eu\/?product=psalmopoeus-pulcher-l5","title":{"rendered":"Psalmopoeus pulcher L5"},"content":{"rendered":"<p>Psalmopoeus pulcher-\u201epanamska blondynka\u201d. Nie wyczesuje w\u0142osk\u00f3w parz\u0105cych i nie ma silnego jadu ale za to jest bardzo szybka i skoczna. Mimo, \u017ce jest ptasznikiem nadrzewnym, bytuje blisko \u015bci\u00f3\u0142ki. U doros\u0142ej samicy w ubarwieniu dominuje kolor bladej pomara\u0144czy a na ko\u0144c\u00f3wce odw\u0142oka i k\u0105dzio\u0142kach prz\u0119dnych czarny kolor, kt\u00f3ry z wiekiem stopniowo zanika. Ta panamska pi\u0119kno\u015b\u0107 posiada narz\u0105dy strydulacyjne, za pomoc\u0105 kt\u00f3rych wydaje d\u017awi\u0119ki odstraszaj\u0105ce napastnika.<\/p>\n","protected":false},"excerpt":{"rendered":"<p>Rozpi\u0119to\u015b\u0107 n\u00f3g:3,5cm<\/p>\n","protected":false},"featured_media":1383,"comment_status":"open","ping_status":"closed","template":"","meta":[],"product_cat":[24,32],"product_tag":[67,61,85],"class_list":{"0":"post-3519","1":"product","2":"type-product","3":"status-publish","4":"has-post-thumbnail","6":"product_cat-maluchy","7":"product_cat-nadrzewne","8":"product_tag-l5","9":"product_tag-maluchy","10":"product_tag-nadrzewne","11":"nt-post-class","12":"","18":"first","19":"instock","20":"shipping-taxable","21":"purchasable","22":"product-type-simple"},"lang":"pl","translations":{"pl":3519},"jetpack_sharing_enabled":true,"pll_sync_post":[],"_links":{"self":[{"href":"https:\/\/spidersgod.eu\/index.php?rest_route=\/wp\/v2\/product\/3519","targetHints":{"allow":["GET"]}}],"collection":[{"href":"https:\/\/spidersgod.eu\/index.php?rest_route=\/wp\/v2\/product"}],"about":[{"href":"https:\/\/spidersgod.eu\/index.php?rest_route=\/wp\/v2\/types\/product"}],"replies":[{"embeddable":true,"href":"https:\/\/spidersgod.eu\/index.php?rest_route=%2Fwp%2Fv2%2Fcomments&post=3519"}],"version-history":[{"count":1,"href":"https:\/\/spidersgod.eu\/index.php?rest_route=\/wp\/v2\/product\/3519\/revisions"}],"predecessor-version":[{"id":3520,"href":"https:\/\/spidersgod.eu\/index.php?rest_route=\/wp\/v2\/product\/3519\/revisions\/3520"}],"wp:featuredmedia":[{"embeddable":true,"href":"https:\/\/spidersgod.eu\/index.php?rest_route=\/wp\/v2\/media\/1383"}],"wp:attachment":[{"href":"https:\/\/spidersgod.eu\/index.php?rest_route=%2Fwp%2Fv2%2Fmedia&parent=3519"}],"wp:term":[{"taxonomy":"product_cat","embeddable":true,"href":"https:\/\/spidersgod.eu\/index.php?rest_route=%2Fwp%2Fv2%2Fproduct_cat&post=3519"},{"taxonomy":"product_tag","embeddable":true,"href":"https:\/\/spidersgod.eu\/index.php?rest_route=%2Fwp%2Fv2%2Fproduct_tag&post=3519"}],"curies":[{"name":"wp","href":"https:\/\/api.w.org\/{rel}","templated":true}]}}