{"id":3533,"date":"2026-03-07T20:33:29","date_gmt":"2026-03-07T20:33:29","guid":{"rendered":"https:\/\/spidersgod.eu\/?post_type=product&#038;p=3533"},"modified":"2026-03-31T08:22:33","modified_gmt":"2026-03-31T08:22:33","slug":"omothymus-violaceopes-l5-3","status":"publish","type":"product","link":"https:\/\/spidersgod.eu\/?product=omothymus-violaceopes-l5-3","title":{"rendered":"Omothymus violaceopes L5"},"content":{"rendered":"<p>Omothymus violaceopes -to jeden z najwi\u0119kszych na \u015bwiecie paj\u0105k\u00f3w nadrzewnych, rozstaw odn\u00f3\u017cy doros\u0142ej samicy mo\u017ce osi\u0105ga\u0107 nawet 25cm rozpi\u0119to\u015bci. Ptasznik o silnym jadzie, pi\u0119knie ubarwiony z niebisko-fioletowym karapaksem, propozycja dla zaawansowanych hodowc\u00f3w.<\/p>\n","protected":false},"excerpt":{"rendered":"<p>Rozpi\u0119to\u015b\u0107 n\u00f3g:5cm<\/p>\n","protected":false},"featured_media":1855,"comment_status":"open","ping_status":"closed","template":"","meta":[],"product_cat":[24,32],"product_tag":[67,61,85],"class_list":{"0":"post-3533","1":"product","2":"type-product","3":"status-publish","4":"has-post-thumbnail","6":"product_cat-maluchy","7":"product_cat-nadrzewne","8":"product_tag-l5","9":"product_tag-maluchy","10":"product_tag-nadrzewne","11":"nt-post-class","12":"","18":"first","19":"instock","20":"shipping-taxable","21":"purchasable","22":"product-type-simple"},"lang":"pl","translations":{"pl":3533},"jetpack_sharing_enabled":true,"pll_sync_post":[],"_links":{"self":[{"href":"https:\/\/spidersgod.eu\/index.php?rest_route=\/wp\/v2\/product\/3533","targetHints":{"allow":["GET"]}}],"collection":[{"href":"https:\/\/spidersgod.eu\/index.php?rest_route=\/wp\/v2\/product"}],"about":[{"href":"https:\/\/spidersgod.eu\/index.php?rest_route=\/wp\/v2\/types\/product"}],"replies":[{"embeddable":true,"href":"https:\/\/spidersgod.eu\/index.php?rest_route=%2Fwp%2Fv2%2Fcomments&post=3533"}],"version-history":[{"count":2,"href":"https:\/\/spidersgod.eu\/index.php?rest_route=\/wp\/v2\/product\/3533\/revisions"}],"predecessor-version":[{"id":3599,"href":"https:\/\/spidersgod.eu\/index.php?rest_route=\/wp\/v2\/product\/3533\/revisions\/3599"}],"wp:featuredmedia":[{"embeddable":true,"href":"https:\/\/spidersgod.eu\/index.php?rest_route=\/wp\/v2\/media\/1855"}],"wp:attachment":[{"href":"https:\/\/spidersgod.eu\/index.php?rest_route=%2Fwp%2Fv2%2Fmedia&parent=3533"}],"wp:term":[{"taxonomy":"product_cat","embeddable":true,"href":"https:\/\/spidersgod.eu\/index.php?rest_route=%2Fwp%2Fv2%2Fproduct_cat&post=3533"},{"taxonomy":"product_tag","embeddable":true,"href":"https:\/\/spidersgod.eu\/index.php?rest_route=%2Fwp%2Fv2%2Fproduct_tag&post=3533"}],"curies":[{"name":"wp","href":"https:\/\/api.w.org\/{rel}","templated":true}]}}