{"id":3541,"date":"2026-03-07T20:46:44","date_gmt":"2026-03-07T20:46:44","guid":{"rendered":"https:\/\/spidersgod.eu\/?post_type=product&#038;p=3541"},"modified":"2026-03-07T20:47:20","modified_gmt":"2026-03-07T20:47:20","slug":"heterothele-gabonensis-l7","status":"publish","type":"product","link":"https:\/\/spidersgod.eu\/?product=heterothele-gabonensis-l7","title":{"rendered":"Heterothele gabonensis L7"},"content":{"rendered":"","protected":false},"excerpt":{"rendered":"<p>Rozpi\u0119to\u015b\u0107 n\u00f3g:2,5cm<\/p>\n","protected":false},"featured_media":2705,"comment_status":"open","ping_status":"closed","template":"","meta":[],"product_cat":[24,31],"product_tag":[123,61,83],"class_list":{"0":"post-3541","1":"product","2":"type-product","3":"status-publish","4":"has-post-thumbnail","6":"product_cat-maluchy","7":"product_cat-naziemne","8":"product_tag-l7","9":"product_tag-maluchy","10":"product_tag-naziemne","11":"nt-post-class","12":"","18":"first","19":"instock","20":"shipping-taxable","21":"purchasable","22":"product-type-simple"},"lang":"pl","translations":{"pl":3541},"jetpack_sharing_enabled":true,"pll_sync_post":[],"_links":{"self":[{"href":"https:\/\/spidersgod.eu\/index.php?rest_route=\/wp\/v2\/product\/3541","targetHints":{"allow":["GET"]}}],"collection":[{"href":"https:\/\/spidersgod.eu\/index.php?rest_route=\/wp\/v2\/product"}],"about":[{"href":"https:\/\/spidersgod.eu\/index.php?rest_route=\/wp\/v2\/types\/product"}],"replies":[{"embeddable":true,"href":"https:\/\/spidersgod.eu\/index.php?rest_route=%2Fwp%2Fv2%2Fcomments&post=3541"}],"version-history":[{"count":1,"href":"https:\/\/spidersgod.eu\/index.php?rest_route=\/wp\/v2\/product\/3541\/revisions"}],"predecessor-version":[{"id":3542,"href":"https:\/\/spidersgod.eu\/index.php?rest_route=\/wp\/v2\/product\/3541\/revisions\/3542"}],"wp:featuredmedia":[{"embeddable":true,"href":"https:\/\/spidersgod.eu\/index.php?rest_route=\/wp\/v2\/media\/2705"}],"wp:attachment":[{"href":"https:\/\/spidersgod.eu\/index.php?rest_route=%2Fwp%2Fv2%2Fmedia&parent=3541"}],"wp:term":[{"taxonomy":"product_cat","embeddable":true,"href":"https:\/\/spidersgod.eu\/index.php?rest_route=%2Fwp%2Fv2%2Fproduct_cat&post=3541"},{"taxonomy":"product_tag","embeddable":true,"href":"https:\/\/spidersgod.eu\/index.php?rest_route=%2Fwp%2Fv2%2Fproduct_tag&post=3541"}],"curies":[{"name":"wp","href":"https:\/\/api.w.org\/{rel}","templated":true}]}}